{"id":2,"date":"2016-03-11T12:51:33","date_gmt":"2016-03-11T12:51:33","guid":{"rendered":"http:\/\/cti.lat\/?page_id=2"},"modified":"2016-06-17T15:40:57","modified_gmt":"2016-06-17T15:40:57","slug":"servicios","status":"publish","type":"page","link":"https:\/\/cti.lat\/index.php\/servicios\/","title":{"rendered":"Servicios"},"content":{"rendered":"<p>&nbsp;<\/p>\n<p>Los servicios ofrecidos son :<\/p>\n<ul class=\"sub-menu link-focus\">\n<li id=\"menu-item-26\" class=\"menu-item menu-item-type-post_type menu-item-object-page current-menu-item page_item page-item-2 current_page_item menu-item-26\">Monitoreo de Servicios : Integraci\u00f3n a la medida del monitoreo de equipos o dispositivos a trav\u00e9s de distintos protocolos.<\/li>\n<li id=\"menu-item-27\" class=\"menu-item menu-item-type-post_type menu-item-object-page current-menu-item page_item page-item-2 current_page_item menu-item-27 link-focus\">An\u00e1lisis de Datos :<\/li>\n<li id=\"menu-item-28\" class=\"menu-item menu-item-type-post_type menu-item-object-page current-menu-item page_item page-item-2 current_page_item menu-item-28\">Desarrollos Complejos<\/li>\n<\/ul>\n<p>Los productos que ofrecemos actualmente son :<\/p>\n<ul class=\"sub-menu link-focus\">\n<li id=\"menu-item-13\" class=\"menu-item menu-item-type-custom menu-item-object-custom menu-item-13\">Nexum Contact Center<\/li>\n<li id=\"menu-item-22\" class=\"menu-item menu-item-type-post_type menu-item-object-page current-menu-item page_item page-item-2 current_page_item menu-item-22\">Gestion Puntos Venta<\/li>\n<li id=\"menu-item-23\" class=\"menu-item menu-item-type-post_type menu-item-object-page current-menu-item page_item page-item-2 current_page_item menu-item-23\">ERP<\/li>\n<li id=\"menu-item-25\" class=\"menu-item menu-item-type-post_type menu-item-object-page current-menu-item page_item page-item-2 current_page_item menu-item-25\">Planillas Asistencia<\/li>\n<li id=\"menu-item-24\" class=\"menu-item menu-item-type-post_type menu-item-object-page current-menu-item page_item page-item-2 current_page_item menu-item-24 link-focus\">Fuerza Movil<\/li>\n<li id=\"menu-item-16\" class=\"menu-item menu-item-type-post_type menu-item-object-page menu-item-16\">Control Personal<\/li>\n<\/ul>\n<p>&nbsp;<\/p>\n<p>&nbsp;<\/p>\n<p>&nbsp;<\/p>\n","protected":false},"excerpt":{"rendered":"<p>&nbsp; Los servicios ofrecidos son : Monitoreo de Servicios : Integraci\u00f3n a la medida del monitoreo de equipos o dispositivos a trav\u00e9s de distintos protocolos. An\u00e1lisis de Datos : Desarrollos Complejos Los productos que ofrecemos actualmente son : Nexum Contact Center Gestion Puntos Venta ERP Planillas Asistencia Fuerza Movil Control Personal &nbsp; &nbsp; &nbsp;<\/p>\n","protected":false},"author":1,"featured_media":0,"parent":0,"menu_order":0,"comment_status":"closed","ping_status":"open","template":"","meta":[],"_links":{"self":[{"href":"https:\/\/cti.lat\/index.php\/wp-json\/wp\/v2\/pages\/2"}],"collection":[{"href":"https:\/\/cti.lat\/index.php\/wp-json\/wp\/v2\/pages"}],"about":[{"href":"https:\/\/cti.lat\/index.php\/wp-json\/wp\/v2\/types\/page"}],"author":[{"embeddable":true,"href":"https:\/\/cti.lat\/index.php\/wp-json\/wp\/v2\/users\/1"}],"replies":[{"embeddable":true,"href":"https:\/\/cti.lat\/index.php\/wp-json\/wp\/v2\/comments?post=2"}],"version-history":[{"count":2,"href":"https:\/\/cti.lat\/index.php\/wp-json\/wp\/v2\/pages\/2\/revisions"}],"predecessor-version":[{"id":38,"href":"https:\/\/cti.lat\/index.php\/wp-json\/wp\/v2\/pages\/2\/revisions\/38"}],"wp:attachment":[{"href":"https:\/\/cti.lat\/index.php\/wp-json\/wp\/v2\/media?parent=2"}],"curies":[{"name":"wp","href":"https:\/\/api.w.org\/{rel}","templated":true}]}}